{"id":628,"date":"2018-06-30T06:37:59","date_gmt":"2018-06-30T06:37:59","guid":{"rendered":"http:\/\/weimari.hu\/?page_id=628"},"modified":"2018-06-30T06:39:47","modified_gmt":"2018-06-30T06:39:47","slug":"munka-eredmenyek","status":"publish","type":"page","link":"http:\/\/weimari.hu\/?page_id=628","title":{"rendered":"Munka eredm\u00e9nyek"},"content":{"rendered":"<p>Kedves Weim\u00e1ri Tulajdonosok!<\/p>\n<p>Ha van munka eredm\u00e9nye a kuty\u00e1dnak, l\u00e9gysz\u00edves k\u00fcld el f\u00e9nyk\u00e9pekkel, hogy fel tudjam rakni.<\/p>\n<p>&nbsp;<\/p>\n<p>K\u00f6sz\u00f6n\u00f6m<\/p>\n","protected":false},"excerpt":{"rendered":"<p>Kedves Weim\u00e1ri Tulajdonosok! Ha van munka eredm\u00e9nye a kuty\u00e1dnak, l\u00e9gysz\u00edves k\u00fcld el f\u00e9nyk\u00e9pekkel, hogy fel tudjam rakni. &nbsp; K\u00f6sz\u00f6n\u00f6m<\/p>\n","protected":false},"author":1,"featured_media":0,"parent":0,"menu_order":0,"comment_status":"closed","ping_status":"closed","template":"","meta":{"ngg_post_thumbnail":0},"aioseo_notices":[],"post_mailing_queue_ids":[],"_links":{"self":[{"href":"http:\/\/weimari.hu\/index.php?rest_route=\/wp\/v2\/pages\/628"}],"collection":[{"href":"http:\/\/weimari.hu\/index.php?rest_route=\/wp\/v2\/pages"}],"about":[{"href":"http:\/\/weimari.hu\/index.php?rest_route=\/wp\/v2\/types\/page"}],"author":[{"embeddable":true,"href":"http:\/\/weimari.hu\/index.php?rest_route=\/wp\/v2\/users\/1"}],"replies":[{"embeddable":true,"href":"http:\/\/weimari.hu\/index.php?rest_route=%2Fwp%2Fv2%2Fcomments&post=628"}],"version-history":[{"count":3,"href":"http:\/\/weimari.hu\/index.php?rest_route=\/wp\/v2\/pages\/628\/revisions"}],"predecessor-version":[{"id":651,"href":"http:\/\/weimari.hu\/index.php?rest_route=\/wp\/v2\/pages\/628\/revisions\/651"}],"wp:attachment":[{"href":"http:\/\/weimari.hu\/index.php?rest_route=%2Fwp%2Fv2%2Fmedia&parent=628"}],"curies":[{"name":"wp","href":"https:\/\/api.w.org\/{rel}","templated":true}]}}