{"id":3360,"date":"2020-06-11T08:47:30","date_gmt":"2020-06-11T08:47:30","guid":{"rendered":"http:\/\/weimari.hu\/?page_id=3360"},"modified":"2020-06-11T08:47:31","modified_gmt":"2020-06-11T08:47:31","slug":"kolyok-vercsapa","status":"publish","type":"page","link":"http:\/\/weimari.hu\/?page_id=3360","title":{"rendered":"K\u00f6ly\u00f6k V\u00e9rcsapa"},"content":{"rendered":"\n<p>{{KVCS}}<\/p>\n","protected":false},"excerpt":{"rendered":"<p>{{KVCS}}<\/p>\n","protected":false},"author":1,"featured_media":0,"parent":0,"menu_order":0,"comment_status":"closed","ping_status":"closed","template":"munkaeredmenyek.php","meta":{"ngg_post_thumbnail":0},"aioseo_notices":[],"post_mailing_queue_ids":[],"_links":{"self":[{"href":"http:\/\/weimari.hu\/index.php?rest_route=\/wp\/v2\/pages\/3360"}],"collection":[{"href":"http:\/\/weimari.hu\/index.php?rest_route=\/wp\/v2\/pages"}],"about":[{"href":"http:\/\/weimari.hu\/index.php?rest_route=\/wp\/v2\/types\/page"}],"author":[{"embeddable":true,"href":"http:\/\/weimari.hu\/index.php?rest_route=\/wp\/v2\/users\/1"}],"replies":[{"embeddable":true,"href":"http:\/\/weimari.hu\/index.php?rest_route=%2Fwp%2Fv2%2Fcomments&post=3360"}],"version-history":[{"count":2,"href":"http:\/\/weimari.hu\/index.php?rest_route=\/wp\/v2\/pages\/3360\/revisions"}],"predecessor-version":[{"id":3362,"href":"http:\/\/weimari.hu\/index.php?rest_route=\/wp\/v2\/pages\/3360\/revisions\/3362"}],"wp:attachment":[{"href":"http:\/\/weimari.hu\/index.php?rest_route=%2Fwp%2Fv2%2Fmedia&parent=3360"}],"curies":[{"name":"wp","href":"https:\/\/api.w.org\/{rel}","templated":true}]}}