{"id":2904,"date":"2019-04-12T07:45:26","date_gmt":"2019-04-12T07:45:26","guid":{"rendered":"http:\/\/weimari.hu\/?page_id=2904"},"modified":"2019-04-12T07:45:27","modified_gmt":"2019-04-12T07:45:27","slug":"donneri-facanos-kennel","status":"publish","type":"page","link":"http:\/\/weimari.hu\/?page_id=2904","title":{"rendered":"Donneri-F\u00e1c\u00e1nos Kennel"},"content":{"rendered":"\n<p>A tulajdonos m\u00e9g nem k\u00fcld\u00f6tt le\u00edr\u00e1st a kennelj\u00e9r\u0151l. Amint k\u00fcldi friss\u00edtem az oldalt.<\/p>\n","protected":false},"excerpt":{"rendered":"<p>A tulajdonos m\u00e9g nem k\u00fcld\u00f6tt le\u00edr\u00e1st a kennelj\u00e9r\u0151l. Amint k\u00fcldi friss\u00edtem az oldalt.<\/p>\n","protected":false},"author":1,"featured_media":0,"parent":0,"menu_order":0,"comment_status":"closed","ping_status":"closed","template":"","meta":{"ngg_post_thumbnail":0},"aioseo_notices":[],"post_mailing_queue_ids":[],"_links":{"self":[{"href":"http:\/\/weimari.hu\/index.php?rest_route=\/wp\/v2\/pages\/2904"}],"collection":[{"href":"http:\/\/weimari.hu\/index.php?rest_route=\/wp\/v2\/pages"}],"about":[{"href":"http:\/\/weimari.hu\/index.php?rest_route=\/wp\/v2\/types\/page"}],"author":[{"embeddable":true,"href":"http:\/\/weimari.hu\/index.php?rest_route=\/wp\/v2\/users\/1"}],"replies":[{"embeddable":true,"href":"http:\/\/weimari.hu\/index.php?rest_route=%2Fwp%2Fv2%2Fcomments&post=2904"}],"version-history":[{"count":1,"href":"http:\/\/weimari.hu\/index.php?rest_route=\/wp\/v2\/pages\/2904\/revisions"}],"predecessor-version":[{"id":2905,"href":"http:\/\/weimari.hu\/index.php?rest_route=\/wp\/v2\/pages\/2904\/revisions\/2905"}],"wp:attachment":[{"href":"http:\/\/weimari.hu\/index.php?rest_route=%2Fwp%2Fv2%2Fmedia&parent=2904"}],"curies":[{"name":"wp","href":"https:\/\/api.w.org\/{rel}","templated":true}]}}