{"id":2470,"date":"2018-11-25T10:00:19","date_gmt":"2018-11-25T10:00:19","guid":{"rendered":"http:\/\/weimari.hu\/?page_id=2470"},"modified":"2018-11-25T10:14:03","modified_gmt":"2018-11-25T10:14:03","slug":"from-simons-house-kennel-2","status":"publish","type":"page","link":"http:\/\/weimari.hu\/?page_id=2470","title":{"rendered":"HunsWeimaraner Kennel"},"content":{"rendered":"<p>A tulajdonos m\u00e9g nem k\u00fcld\u00f6tt le\u00edr\u00e1st a kennelj\u00e9r\u0151l. Amint k\u00fcldi friss\u00edtem az oldalt.<\/p>\n","protected":false},"excerpt":{"rendered":"<p>A tulajdonos m\u00e9g nem k\u00fcld\u00f6tt le\u00edr\u00e1st a kennelj\u00e9r\u0151l. Amint k\u00fcldi friss\u00edtem az oldalt.<\/p>\n","protected":false},"author":1,"featured_media":0,"parent":0,"menu_order":0,"comment_status":"closed","ping_status":"closed","template":"","meta":{"ngg_post_thumbnail":0},"aioseo_notices":[],"post_mailing_queue_ids":[],"_links":{"self":[{"href":"http:\/\/weimari.hu\/index.php?rest_route=\/wp\/v2\/pages\/2470"}],"collection":[{"href":"http:\/\/weimari.hu\/index.php?rest_route=\/wp\/v2\/pages"}],"about":[{"href":"http:\/\/weimari.hu\/index.php?rest_route=\/wp\/v2\/types\/page"}],"author":[{"embeddable":true,"href":"http:\/\/weimari.hu\/index.php?rest_route=\/wp\/v2\/users\/1"}],"replies":[{"embeddable":true,"href":"http:\/\/weimari.hu\/index.php?rest_route=%2Fwp%2Fv2%2Fcomments&post=2470"}],"version-history":[{"count":3,"href":"http:\/\/weimari.hu\/index.php?rest_route=\/wp\/v2\/pages\/2470\/revisions"}],"predecessor-version":[{"id":2489,"href":"http:\/\/weimari.hu\/index.php?rest_route=\/wp\/v2\/pages\/2470\/revisions\/2489"}],"wp:attachment":[{"href":"http:\/\/weimari.hu\/index.php?rest_route=%2Fwp%2Fv2%2Fmedia&parent=2470"}],"curies":[{"name":"wp","href":"https:\/\/api.w.org\/{rel}","templated":true}]}}