{"id":2468,"date":"2018-11-25T09:59:52","date_gmt":"2018-11-25T09:59:52","guid":{"rendered":"http:\/\/weimari.hu\/?page_id=2468"},"modified":"2018-11-25T10:13:36","modified_gmt":"2018-11-25T10:13:36","slug":"barkaagi-kennel-2","status":"publish","type":"page","link":"http:\/\/weimari.hu\/?page_id=2468","title":{"rendered":"Barka\u00e1gi Kennel"},"content":{"rendered":"<p>A tulajdonos m\u00e9g nem k\u00fcld\u00f6tt le\u00edr\u00e1st a kennelj\u00e9r\u0151l. Amint k\u00fcldi friss\u00edtem az oldalt.<\/p>\n","protected":false},"excerpt":{"rendered":"<p>A tulajdonos m\u00e9g nem k\u00fcld\u00f6tt le\u00edr\u00e1st a kennelj\u00e9r\u0151l. Amint k\u00fcldi friss\u00edtem az oldalt.<\/p>\n","protected":false},"author":1,"featured_media":0,"parent":0,"menu_order":0,"comment_status":"closed","ping_status":"closed","template":"","meta":{"ngg_post_thumbnail":0},"aioseo_notices":[],"post_mailing_queue_ids":[],"_links":{"self":[{"href":"http:\/\/weimari.hu\/index.php?rest_route=\/wp\/v2\/pages\/2468"}],"collection":[{"href":"http:\/\/weimari.hu\/index.php?rest_route=\/wp\/v2\/pages"}],"about":[{"href":"http:\/\/weimari.hu\/index.php?rest_route=\/wp\/v2\/types\/page"}],"author":[{"embeddable":true,"href":"http:\/\/weimari.hu\/index.php?rest_route=\/wp\/v2\/users\/1"}],"replies":[{"embeddable":true,"href":"http:\/\/weimari.hu\/index.php?rest_route=%2Fwp%2Fv2%2Fcomments&post=2468"}],"version-history":[{"count":2,"href":"http:\/\/weimari.hu\/index.php?rest_route=\/wp\/v2\/pages\/2468\/revisions"}],"predecessor-version":[{"id":2487,"href":"http:\/\/weimari.hu\/index.php?rest_route=\/wp\/v2\/pages\/2468\/revisions\/2487"}],"wp:attachment":[{"href":"http:\/\/weimari.hu\/index.php?rest_route=%2Fwp%2Fv2%2Fmedia&parent=2468"}],"curies":[{"name":"wp","href":"https:\/\/api.w.org\/{rel}","templated":true}]}}