{"id":1486,"date":"2018-10-09T18:08:20","date_gmt":"2018-10-09T18:08:20","guid":{"rendered":"http:\/\/weimari.hu\/?page_id=1486"},"modified":"2018-10-20T17:01:53","modified_gmt":"2018-10-20T17:01:53","slug":"program-program","status":"publish","type":"page","link":"http:\/\/weimari.hu\/?page_id=1486","title":{"rendered":"Program\/Program"},"content":{"rendered":"<p><strong>2018. okt\u00f3ber 22. (H\u00e9tf\u0151\/Monday)<\/strong><\/p>\n<p>&nbsp;<\/p>\n<p>8:00-9:00 B\u00edr\u00f3i \u00e9rtekezlet\/Session of Judges<\/p>\n<p>9:00-9:30 Regisztr\u00e1ci\u00f3\/Registration<\/p>\n<p>9:30-10:00 Megnyit\u00f3, sorsol\u00e1s\/Opening ceremony, Draw<\/p>\n<p>10:00-18:00 Munk\u00e1k\/Works<\/p>\n<p>13:00 Eb\u00e9d\/ Lunch<\/p>\n<p>18:00 D\u00edszvacsora\/Banquet<\/p>\n<p>19:00&nbsp;Eredm\u00e9nyhirdet\u00e9s\/ Announcement of results<\/p>\n<p>&nbsp;<\/p>\n","protected":false},"excerpt":{"rendered":"<p>2018. okt\u00f3ber 22. (H\u00e9tf\u0151\/Monday) &nbsp; 8:00-9:00 B\u00edr\u00f3i \u00e9rtekezlet\/Session of Judges 9:00-9:30 Regisztr\u00e1ci\u00f3\/Registration 9:30-10:00 Megnyit\u00f3, sorsol\u00e1s\/Opening ceremony, Draw 10:00-18:00 Munk\u00e1k\/Works 13:00 Eb\u00e9d\/ Lunch 18:00 D\u00edszvacsora\/Banquet 19:00&nbsp;Eredm\u00e9nyhirdet\u00e9s\/ Announcement of results &nbsp;<\/p>\n","protected":false},"author":1,"featured_media":0,"parent":0,"menu_order":0,"comment_status":"closed","ping_status":"closed","template":"","meta":{"ngg_post_thumbnail":0},"aioseo_notices":[],"post_mailing_queue_ids":[],"_links":{"self":[{"href":"http:\/\/weimari.hu\/index.php?rest_route=\/wp\/v2\/pages\/1486"}],"collection":[{"href":"http:\/\/weimari.hu\/index.php?rest_route=\/wp\/v2\/pages"}],"about":[{"href":"http:\/\/weimari.hu\/index.php?rest_route=\/wp\/v2\/types\/page"}],"author":[{"embeddable":true,"href":"http:\/\/weimari.hu\/index.php?rest_route=\/wp\/v2\/users\/1"}],"replies":[{"embeddable":true,"href":"http:\/\/weimari.hu\/index.php?rest_route=%2Fwp%2Fv2%2Fcomments&post=1486"}],"version-history":[{"count":5,"href":"http:\/\/weimari.hu\/index.php?rest_route=\/wp\/v2\/pages\/1486\/revisions"}],"predecessor-version":[{"id":1563,"href":"http:\/\/weimari.hu\/index.php?rest_route=\/wp\/v2\/pages\/1486\/revisions\/1563"}],"wp:attachment":[{"href":"http:\/\/weimari.hu\/index.php?rest_route=%2Fwp%2Fv2%2Fmedia&parent=1486"}],"curies":[{"name":"wp","href":"https:\/\/api.w.org\/{rel}","templated":true}]}}